{"id":8955,"date":"2021-06-22T16:35:16","date_gmt":"2021-06-22T14:35:16","guid":{"rendered":"https:\/\/hw-foods.de\/company\/"},"modified":"2022-09-14T15:37:31","modified_gmt":"2022-09-14T13:37:31","slug":"company","status":"publish","type":"page","link":"https:\/\/hw-foods.de\/en\/company\/","title":{"rendered":"Company"},"content":{"rendered":"<div class=\"wpb-content-wrapper\"><p>[vc_row full_width=&#8221;stretch_row&#8221; css=&#8221;.vc_custom_1619518157009{padding-top: 50px !important;padding-bottom: 80px !important;}&#8221;][vc_column][vc_row_inner][vc_column_inner width=&#8221;1\/2&#8243;]<header class=\"kd-section-title col-lg-12 text-left  kd-animated fadeIn  \" data-animation-delay=200><h2 class=\"separator_off\" >Many years of experience as a family-run company, now in its third generation.<\/h2><\/header>[\/vc_column_inner][vc_column_inner width=&#8221;1\/2&#8243;][vc_custom_heading text=&#8221;As a family-run company, we have been concentrating on the distribution of healthy, original and authentically Mediterranean dairy products. The origin of our work goes back to our forefather Hartmann Weber, whose initials formed the basis of our company name.<br \/>\nHowever, the H in HW Foods stands for more than just tradition. In addition, it gives information about a large part of the products we sell. It also stands for Hellas (Greek for Greece).&#8221; font_container=&#8221;tag:h6|text_align:left&#8221; use_theme_fonts=&#8221;yes&#8221; css_animation=&#8221;fadeIn&#8221;][\/vc_column_inner][\/vc_row_inner][\/vc_column][\/vc_row][vc_row full_width=&#8221;stretch_row_content_no_spaces&#8221; content_placement=&#8221;middle&#8221; css=&#8221;.vc_custom_1619520924451{background-color: #f5f5f5 !important;}&#8221;][vc_column width=&#8221;1\/2&#8243; css=&#8221;.vc_custom_1538998872764{padding-top: 0px !important;}&#8221; offset=&#8221;vc_col-lg-6 vc_col-md-12&#8243;][vc_row_inner css=&#8221;.vc_custom_1622559913262{padding-top: 300px !important;padding-bottom: 220px !important;background-image: url(https:\/\/hw-foods.de\/wp-content\/uploads\/2021\/05\/hw_cheesemaker_factory.jpg?id=8679) !important;background-position: center !important;background-repeat: no-repeat !important;background-size: cover !important;}&#8221;][vc_column_inner css=&#8221;.vc_custom_1511789291663{padding-top: 0px !important;padding-bottom: 0px !important;}&#8221;][vc_empty_space height=&#8221;100px&#8221;][\/vc_column_inner][\/vc_row_inner][\/vc_column][vc_column width=&#8221;1\/2&#8243; offset=&#8221;vc_col-lg-6 vc_col-md-12&#8243; css=&#8221;.vc_custom_1619523428601{padding-top: 40px !important;padding-bottom: 40px !important;}&#8221;][vc_row_inner][vc_column_inner offset=&#8221;vc_col-lg-offset-2 vc_col-lg-8 vc_col-xs-12&#8243;]<header class=\"kd-section-title col-lg-12 text-left  kd-animated fadeIn   vc_custom_1663162651735\" data-animation-delay=200><h2 class=\"separator_off\" >We work in partnership with well-known manufacturers.<\/h2><h6 class=\"subtitle \" >Behind a successful distribution company there are always powerful manufacturers. Thanks to our long experience and our reputation, today the most renowned and largest manufacturers entrust us with the sale of their products in the international markets. In this, we strive to supply the right ranges and brands to all market segments and distribution channels. Thus, our ``Feta`` portfolio today includes the largest manufacturer for own brands, the market leader in Greece in the brand segment, as well as small family businesses that round off our range with specialities.<\/h6><\/header><a  href=\"https:\/\/hw-foods.de\/en\/partners\/\"  target=\"_self\"  title=\"Partners\" class=\"tt_button tt_primary_button btn_primary_color  pull-left button-action-link\" ><span class=\"prim_text\">Our Partners<\/span><\/a>[\/vc_column_inner][\/vc_row_inner][\/vc_column][\/vc_row][vc_row full_width=&#8221;stretch_row&#8221; content_placement=&#8221;middle&#8221; css=&#8221;.vc_custom_1624883486272{padding-top: 100px !important;padding-bottom: 100px !important;background-position: center !important;background-repeat: no-repeat !important;background-size: cover !important;}&#8221;][vc_column width=&#8221;1\/2&#8243;]<header class=\"kd-section-title col-lg-12 text-left    \" ><h3 class=\"separator_off\" >Trust is the basis for long-term partnership<\/h3><h6 class=\"subtitle \" >We are certain that the decades of experience of our management and employees and the precise knowledge of the competitive environment also have qualitative advantages for our customers. We have already proven in the past that we are a reliable partner and feel committed to this family tradition.<\/h6><\/header>[\/vc_column][vc_column width=&#8221;1\/2&#8243;][vc_single_image image=&#8221;8935&#8243; img_size=&#8221;large&#8221;][\/vc_column][\/vc_row][vc_row disable_element=&#8221;yes&#8221; css=&#8221;.vc_custom_1622039575121{padding-bottom: 100px !important;}&#8221;][vc_column][vc_column_text el_class=&#8221;kd-section-title vc_col-lg-6 vc_col-sm-8 text-center&#8221;]<\/p>\n<h4>HW Foods. This is our quality standard.<\/h4>\n<p>[\/vc_column_text][\/vc_column][\/vc_row][vc_row][vc_column][vc_separator color=&#8221;custom&#8221; accent_color=&#8221;#f5f5f5&#8243;][\/vc_column][\/vc_row][vc_row full_width=&#8221;stretch_row&#8221; kd_bottom_separator_style=&#8221;rounded-up&#8221; kd_bottom_separator_height=&#8221;separator-height-small&#8221; kd_fixed_background=&#8221;true&#8221; kd_image_overlay=&#8221;true&#8221; kd_bottom_separator=&#8221;true&#8221; css=&#8221;.vc_custom_1622559953006{padding-top: 150px !important;padding-bottom: 150px !important;background-image: url(https:\/\/hw-foods.de\/wp-content\/uploads\/2021\/05\/bg_feta_oliven-1.jpg?id=8686) !important;background-position: center !important;background-repeat: no-repeat !important;background-size: cover !important;}&#8221; kd_bottom_separator_bg=&#8221;#003764&#8243;][vc_column][\/vc_column][\/vc_row][vc_row full_width=&#8221;stretch_row&#8221; disable_element=&#8221;yes&#8221; kd_bottom_separator_style=&#8221;rounded-up&#8221; kd_bottom_separator_height=&#8221;separator-height-small&#8221; kd_bottom_separator=&#8221;true&#8221; css=&#8221;.vc_custom_1621418134671{padding-top: 80px !important;padding-bottom: 110px !important;background-color: #f5f5f5 !important;}&#8221; el_class=&#8221;kd-calltoaction&#8211;textonly&#8221; kd_bottom_separator_bg=&#8221;#003764&#8243;][vc_column width=&#8221;1\/2&#8243; css=&#8221;.vc_custom_1619440641680{margin-bottom: 1rem !important;}&#8221;]<header class=\"kd-section-title col-lg-12 text-left    \" ><h2 class=\"separator_off\" >Never miss an offer again!<\/h2><h6 class=\"subtitle \" >Sign up now for our newsletter<\/h6><\/header>[\/vc_column][vc_column width=&#8221;1\/2&#8243;]<div class=\"wpforms-container \" id=\"wpforms-8353\"><form id=\"wpforms-form-8353\" class=\"wpforms-validate wpforms-form wpforms-ajax-form\" data-formid=\"8353\" method=\"post\" enctype=\"multipart\/form-data\" action=\"\/en\/wp-json\/wp\/v2\/pages\/8955\" data-token=\"a5d0bcf1dded2913993ca0f6e22165c1\" data-token-time=\"1775686506\"><noscript class=\"wpforms-error-noscript\">Please enable JavaScript in your browser to complete this form.<\/noscript><div class=\"wpforms-field-container\"><div id=\"wpforms-8353-field_0-container\" class=\"wpforms-field wpforms-field-name input-text\" data-field-id=\"0\"><label class=\"wpforms-field-label wpforms-label-hide\" for=\"wpforms-8353-field_0\">Name <span class=\"wpforms-required-label\">*<\/span><\/label><input type=\"text\" id=\"wpforms-8353-field_0\" class=\"wpforms-field-small wpforms-field-required\" name=\"wpforms[fields][0]\" placeholder=\"Name\" required><\/div><div id=\"wpforms-8353-field_1-container\" class=\"wpforms-field wpforms-field-email input-text\" data-field-id=\"1\"><label class=\"wpforms-field-label wpforms-label-hide\" for=\"wpforms-8353-field_1\">Email <span class=\"wpforms-required-label\">*<\/span><\/label><input type=\"email\" id=\"wpforms-8353-field_1\" class=\"wpforms-field-small wpforms-field-required\" name=\"wpforms[fields][1]\" placeholder=\"E-Mail\" spellcheck=\"false\" required><\/div><div id=\"wpforms-8353-field_3-container\" class=\"wpforms-field wpforms-field-gdpr-checkbox\" data-field-id=\"3\"><label class=\"wpforms-field-label wpforms-label-hide\">Datenschutz <span class=\"wpforms-required-label\">*<\/span><\/label><ul id=\"wpforms-8353-field_3\" class=\"wpforms-field-required\"><li class=\"choice-1\"><input type=\"checkbox\" id=\"wpforms-8353-field_3_1\" name=\"wpforms[fields][3][]\" value=\"Ich habe die Datenschutzerkl\u00e4rung akzeptiert und best\u00e4tige diese gelesen zu haben. Die Einwilligung kann ich jederzeit mit Wirkung f\u00fcr die Zukunft widerrufen.\" required ><label class=\"wpforms-field-label-inline\" for=\"wpforms-8353-field_3_1\">Ich habe die Datenschutzerkl\u00e4rung akzeptiert und best\u00e4tige diese gelesen zu haben. Die Einwilligung kann ich jederzeit mit Wirkung f\u00fcr die Zukunft widerrufen. <span class=\"wpforms-required-label\">*<\/span><\/label><\/li><\/ul><\/div><\/div><!-- .wpforms-field-container --><div class=\"wpforms-submit-container\" ><input type=\"hidden\" name=\"wpforms[id]\" value=\"8353\"><input type=\"hidden\" name=\"page_title\" value=\"\"><input type=\"hidden\" name=\"page_url\" value=\"https:\/\/hw-foods.de\/en\/wp-json\/wp\/v2\/pages\/8955\"><input type=\"hidden\" name=\"url_referer\" value=\"\"><button type=\"submit\" name=\"wpforms[submit]\" id=\"wpforms-submit-8353\" class=\"wpforms-submit tt_button tt_primary_button btn_primary_color pull-left button-action-link kd-animated zoomIn kd-animate\" data-alt-text=\"Versende...\" data-submit-text=\"Abonnieren\" aria-live=\"assertive\" value=\"wpforms-submit\">Abonnieren<\/button><img loading=\"lazy\" decoding=\"async\" src=\"https:\/\/hw-foods.de\/wp-content\/plugins\/wpforms-lite\/assets\/images\/submit-spin.svg\" class=\"wpforms-submit-spinner\" style=\"display: none;\" width=\"26\" height=\"26\" alt=\"Loading\"><\/div><\/form><\/div>  <!-- .wpforms-container -->[\/vc_column][\/vc_row]<\/p>\n<\/div>","protected":false},"excerpt":{"rendered":"<p>[vc_row full_width=&#8221;stretch_row&#8221; css=&#8221;.vc_custom_1619518157009{padding-top: 50px !important;padding-bottom: 80px !important;}&#8221;][vc_column][vc_row_inner][vc_column_inner width=&#8221;1\/2&#8243;][\/vc_column_inner][vc_column_inner width=&#8221;1\/2&#8243;][vc_custom_heading text=&#8221;As a family-run company, we have been concentrating on the distribution [&hellip;]<\/p>\n","protected":false},"author":1,"featured_media":8947,"parent":0,"menu_order":0,"comment_status":"closed","ping_status":"closed","template":"","meta":{"footnotes":""},"categories":[38],"tags":[],"class_list":["post-8955","page","type-page","status-publish","has-post-thumbnail","hentry","category-general-en"],"yoast_head":"<!-- This site is optimized with the Yoast SEO plugin v26.0 - https:\/\/yoast.com\/wordpress\/plugins\/seo\/ -->\n<title>Company - HW Foods GmbH<\/title>\n<meta name=\"description\" content=\"As a family-run company, we have been focusing on the distribution of authentic Mediterranean dairy products for over 50 years.\" \/>\n<meta name=\"robots\" content=\"index, follow, max-snippet:-1, max-image-preview:large, max-video-preview:-1\" \/>\n<link rel=\"canonical\" href=\"https:\/\/hw-foods.de\/en\/company\/\" \/>\n<meta property=\"og:locale\" content=\"en_US\" \/>\n<meta property=\"og:type\" content=\"article\" \/>\n<meta property=\"og:title\" content=\"HW Foods - Company\" \/>\n<meta property=\"og:description\" content=\"As a family-run company, we have been focusing on the distribution of authentic Mediterranean dairy products for over 50 years.\" \/>\n<meta property=\"og:url\" content=\"https:\/\/hw-foods.de\/en\/company\/\" \/>\n<meta property=\"og:site_name\" content=\"HW Foods GmbH\" \/>\n<meta property=\"article:modified_time\" content=\"2022-09-14T13:37:31+00:00\" \/>\n<meta property=\"og:image\" content=\"http:\/\/preview.hw-foods.de\/wp-content\/uploads\/2021\/05\/bg_feta_windmuehle-1.jpg\" \/>\n<meta name=\"twitter:card\" content=\"summary_large_image\" \/>\n<meta name=\"twitter:title\" content=\"HW Foods - Company\" \/>\n<meta name=\"twitter:description\" content=\"As a family-run company, we have been focusing on the distribution of authentic Mediterranean dairy products for over 50 years.\" \/>\n<meta name=\"twitter:image\" content=\"http:\/\/preview.hw-foods.de\/wp-content\/uploads\/2021\/05\/bg_feta_windmuehle-1.jpg\" \/>\n<meta name=\"twitter:label1\" content=\"Est. reading time\" \/>\n\t<meta name=\"twitter:data1\" content=\"3 minutes\" \/>\n<script type=\"application\/ld+json\" class=\"yoast-schema-graph\">{\"@context\":\"https:\/\/schema.org\",\"@graph\":[{\"@type\":\"WebPage\",\"@id\":\"https:\/\/hw-foods.de\/en\/company\/\",\"url\":\"https:\/\/hw-foods.de\/en\/company\/\",\"name\":\"Company - HW Foods GmbH\",\"isPartOf\":{\"@id\":\"https:\/\/hw-foods.de\/en\/#website\"},\"primaryImageOfPage\":{\"@id\":\"https:\/\/hw-foods.de\/en\/company\/#primaryimage\"},\"image\":{\"@id\":\"https:\/\/hw-foods.de\/en\/company\/#primaryimage\"},\"thumbnailUrl\":\"https:\/\/hw-foods.de\/wp-content\/uploads\/2021\/05\/hw_greek_village.jpg\",\"datePublished\":\"2021-06-22T14:35:16+00:00\",\"dateModified\":\"2022-09-14T13:37:31+00:00\",\"description\":\"As a family-run company, we have been focusing on the distribution of authentic Mediterranean dairy products for over 50 years.\",\"breadcrumb\":{\"@id\":\"https:\/\/hw-foods.de\/en\/company\/#breadcrumb\"},\"inLanguage\":\"en-US\",\"potentialAction\":[{\"@type\":\"ReadAction\",\"target\":[\"https:\/\/hw-foods.de\/en\/company\/\"]}]},{\"@type\":\"ImageObject\",\"inLanguage\":\"en-US\",\"@id\":\"https:\/\/hw-foods.de\/en\/company\/#primaryimage\",\"url\":\"https:\/\/hw-foods.de\/wp-content\/uploads\/2021\/05\/hw_greek_village.jpg\",\"contentUrl\":\"https:\/\/hw-foods.de\/wp-content\/uploads\/2021\/05\/hw_greek_village.jpg\",\"width\":1920,\"height\":900},{\"@type\":\"BreadcrumbList\",\"@id\":\"https:\/\/hw-foods.de\/en\/company\/#breadcrumb\",\"itemListElement\":[{\"@type\":\"ListItem\",\"position\":1,\"name\":\"Home\",\"item\":\"https:\/\/hw-foods.de\/en\/\"},{\"@type\":\"ListItem\",\"position\":2,\"name\":\"Company\"}]},{\"@type\":\"WebSite\",\"@id\":\"https:\/\/hw-foods.de\/en\/#website\",\"url\":\"https:\/\/hw-foods.de\/en\/\",\"name\":\"HW Foods GmbH\",\"description\":\"Ihr Spezialist f\u00fcr mediterrane Molkereiprodukte\",\"potentialAction\":[{\"@type\":\"SearchAction\",\"target\":{\"@type\":\"EntryPoint\",\"urlTemplate\":\"https:\/\/hw-foods.de\/en\/?s={search_term_string}\"},\"query-input\":{\"@type\":\"PropertyValueSpecification\",\"valueRequired\":true,\"valueName\":\"search_term_string\"}}],\"inLanguage\":\"en-US\"}]}<\/script>\n<!-- \/ Yoast SEO plugin. -->","yoast_head_json":{"title":"Company - HW Foods GmbH","description":"As a family-run company, we have been focusing on the distribution of authentic Mediterranean dairy products for over 50 years.","robots":{"index":"index","follow":"follow","max-snippet":"max-snippet:-1","max-image-preview":"max-image-preview:large","max-video-preview":"max-video-preview:-1"},"canonical":"https:\/\/hw-foods.de\/en\/company\/","og_locale":"en_US","og_type":"article","og_title":"HW Foods - Company","og_description":"As a family-run company, we have been focusing on the distribution of authentic Mediterranean dairy products for over 50 years.","og_url":"https:\/\/hw-foods.de\/en\/company\/","og_site_name":"HW Foods GmbH","article_modified_time":"2022-09-14T13:37:31+00:00","og_image":[{"url":"http:\/\/preview.hw-foods.de\/wp-content\/uploads\/2021\/05\/bg_feta_windmuehle-1.jpg","type":"","width":"","height":""}],"twitter_card":"summary_large_image","twitter_title":"HW Foods - Company","twitter_description":"As a family-run company, we have been focusing on the distribution of authentic Mediterranean dairy products for over 50 years.","twitter_image":"http:\/\/preview.hw-foods.de\/wp-content\/uploads\/2021\/05\/bg_feta_windmuehle-1.jpg","twitter_misc":{"Est. reading time":"3 minutes"},"schema":{"@context":"https:\/\/schema.org","@graph":[{"@type":"WebPage","@id":"https:\/\/hw-foods.de\/en\/company\/","url":"https:\/\/hw-foods.de\/en\/company\/","name":"Company - HW Foods GmbH","isPartOf":{"@id":"https:\/\/hw-foods.de\/en\/#website"},"primaryImageOfPage":{"@id":"https:\/\/hw-foods.de\/en\/company\/#primaryimage"},"image":{"@id":"https:\/\/hw-foods.de\/en\/company\/#primaryimage"},"thumbnailUrl":"https:\/\/hw-foods.de\/wp-content\/uploads\/2021\/05\/hw_greek_village.jpg","datePublished":"2021-06-22T14:35:16+00:00","dateModified":"2022-09-14T13:37:31+00:00","description":"As a family-run company, we have been focusing on the distribution of authentic Mediterranean dairy products for over 50 years.","breadcrumb":{"@id":"https:\/\/hw-foods.de\/en\/company\/#breadcrumb"},"inLanguage":"en-US","potentialAction":[{"@type":"ReadAction","target":["https:\/\/hw-foods.de\/en\/company\/"]}]},{"@type":"ImageObject","inLanguage":"en-US","@id":"https:\/\/hw-foods.de\/en\/company\/#primaryimage","url":"https:\/\/hw-foods.de\/wp-content\/uploads\/2021\/05\/hw_greek_village.jpg","contentUrl":"https:\/\/hw-foods.de\/wp-content\/uploads\/2021\/05\/hw_greek_village.jpg","width":1920,"height":900},{"@type":"BreadcrumbList","@id":"https:\/\/hw-foods.de\/en\/company\/#breadcrumb","itemListElement":[{"@type":"ListItem","position":1,"name":"Home","item":"https:\/\/hw-foods.de\/en\/"},{"@type":"ListItem","position":2,"name":"Company"}]},{"@type":"WebSite","@id":"https:\/\/hw-foods.de\/en\/#website","url":"https:\/\/hw-foods.de\/en\/","name":"HW Foods GmbH","description":"Ihr Spezialist f\u00fcr mediterrane Molkereiprodukte","potentialAction":[{"@type":"SearchAction","target":{"@type":"EntryPoint","urlTemplate":"https:\/\/hw-foods.de\/en\/?s={search_term_string}"},"query-input":{"@type":"PropertyValueSpecification","valueRequired":true,"valueName":"search_term_string"}}],"inLanguage":"en-US"}]}},"_links":{"self":[{"href":"https:\/\/hw-foods.de\/en\/wp-json\/wp\/v2\/pages\/8955","targetHints":{"allow":["GET"]}}],"collection":[{"href":"https:\/\/hw-foods.de\/en\/wp-json\/wp\/v2\/pages"}],"about":[{"href":"https:\/\/hw-foods.de\/en\/wp-json\/wp\/v2\/types\/page"}],"author":[{"embeddable":true,"href":"https:\/\/hw-foods.de\/en\/wp-json\/wp\/v2\/users\/1"}],"replies":[{"embeddable":true,"href":"https:\/\/hw-foods.de\/en\/wp-json\/wp\/v2\/comments?post=8955"}],"version-history":[{"count":38,"href":"https:\/\/hw-foods.de\/en\/wp-json\/wp\/v2\/pages\/8955\/revisions"}],"predecessor-version":[{"id":9331,"href":"https:\/\/hw-foods.de\/en\/wp-json\/wp\/v2\/pages\/8955\/revisions\/9331"}],"wp:featuredmedia":[{"embeddable":true,"href":"https:\/\/hw-foods.de\/en\/wp-json\/wp\/v2\/media\/8947"}],"wp:attachment":[{"href":"https:\/\/hw-foods.de\/en\/wp-json\/wp\/v2\/media?parent=8955"}],"wp:term":[{"taxonomy":"category","embeddable":true,"href":"https:\/\/hw-foods.de\/en\/wp-json\/wp\/v2\/categories?post=8955"},{"taxonomy":"post_tag","embeddable":true,"href":"https:\/\/hw-foods.de\/en\/wp-json\/wp\/v2\/tags?post=8955"}],"curies":[{"name":"wp","href":"https:\/\/api.w.org\/{rel}","templated":true}]}}